{"id":834,"date":"2025-08-08T00:22:52","date_gmt":"2025-08-07T22:22:52","guid":{"rendered":"https:\/\/dovolenamachac.cz\/index.php\/uzijte-si-unik-do-prirody-u-machova-jezera-english\/"},"modified":"2026-04-06T01:35:10","modified_gmt":"2026-04-05T23:35:10","slug":"uzijte-si-unik-do-prirody-u-machova-jezera-english","status":"publish","type":"page","link":"https:\/\/dovolenamachac.cz\/index.php\/en\/uzijte-si-unik-do-prirody-u-machova-jezera-english\/","title":{"rendered":"Enjoy a Nature Escape by Lake M\u00e1cha in the Czech Republic"},"content":{"rendered":"\n<p>Welcome to our cozy cabin, located in the deep shade of a pine forest near M\u00e1chovo Lake\u2014the perfect place to escape the hustle and bustle of everyday life. Surrounded by the forest and the beauty of the lake, you\u2019ll find the ideal combination of comfort and nature. The cabin offers accommodation with a personal touch, ensuring a truly relaxing stay.<\/p>\n\n\n\n<p>Let yourself be soothed by the sounds of the forest and the water surface, literally within arm\u2019s reach. Go hiking, discover hidden trails, or enjoy an afternoon on a boat or kayak. And when night falls, the nearby entertainment adds the right atmosphere to your evening.<\/p>\n\n\n\n<p>The newly renovated kitchenette, Wi-Fi, toilet, and shower provide all the comfort you need. Whether you\u2019re looking for a peaceful retreat or an adventurous holiday with family or friends, our cabin at M\u00e1chovo Lake welcomes you with open arms.<\/p>\n\n\n\n<p>Book your stay now and come experience the magic of this unique place!<\/p>\n\n\n\n<figure class=\"wp-block-embed is-type-video is-provider-youtube wp-block-embed-youtube wp-embed-aspect-16-9 wp-has-aspect-ratio\"><div class=\"wp-block-embed__wrapper\">\n<iframe loading=\"lazy\" title=\"14. \u010dervence 2024\" width=\"1200\" height=\"675\" src=\"https:\/\/www.youtube.com\/embed\/ebjL0qcKhEg?feature=oembed\" frameborder=\"0\" allow=\"accelerometer; autoplay; clipboard-write; encrypted-media; gyroscope; picture-in-picture; web-share\" referrerpolicy=\"strict-origin-when-cross-origin\" allowfullscreen><\/iframe>\n<\/div><\/figure>\n\n\n\n<h2 class=\"wp-block-heading\">Reservation Form and Price List<\/h2>\n\n\n\n<p>Accommodation\/Rental Price List. Capacity: 1 to 4 people \u2013 1 bedroom<\/p>\n\n\n\t\t<div class=\"vstrb vstrb-booking\" data-unit=\"858\" data-currency=\"EUR\" data-language=\"\">\n\t\t  <div class=\"vstrb-selection-row\">\n\t\t\t\t\t\t\t\t<div class=\"vstrb vstrb-calendar vstrb-calendar-in-form\" data-unit=\"858\" data-months=\"3\" data-grid=\"1\" data-currency=\"\">\n\t\t  <div class=\"vstrb-cal-head\">\n            <button class=\"vstrb-btn vstrb-prev\" type=\"button\">&lsaquo;<\/button>\n\t\t\t<div class=\"vstrb-cal-title\"><\/div>\n            <button class=\"vstrb-btn vstrb-next\" type=\"button\">&rsaquo;<\/button>\n\t\t  <\/div>\n\t\t  <div class=\"vstrb-cal-grid-container\">\n\t\t\t<div class=\"vstrb-cal-grid\"><\/div>\n\t\t  <\/div>\n\t\t  <div class=\"vstrb-cal-legend\">\n\t\t\t<span class=\"vstrb-pill vstrb-pill-free\">Volno<\/span>\n\t\t\t<span class=\"vstrb-pill vstrb-pill-occ\">Obsazeno<\/span>\n\t\t\t<span class=\"vstrb-pill vstrb-pill-sel\">V\u00fdb\u011br<\/span>\n\t\t  <\/div>\n\t\t  <div class=\"vstrb-cal-selected\">\n\t\t\t<span class=\"vstrb-selected-range\"><\/span>\n\t\t  <\/div>\n\t\t<\/div>\n\t\t\t\t\t<input type=\"hidden\" class=\"vstrb-date-from\" \/>\n\t\t\t<input type=\"hidden\" class=\"vstrb-date-to\" \/>\n\t\t  <\/div>\n\t\t  \n\t\t  <div class=\"vstrb-row\">\n\t\t\t<label>Host\u00e9<\/label>\n\t\t\t<input type=\"number\" class=\"vstrb-guests\" min=\"1\" value=\"1\" \/>\n\t\t  <\/div>\n\n\t\t  \t\t  <div class=\"vstrb-services vstrb-services-box\"><\/div>\n\n\t\t  <div class=\"vstrb-row vstrb-quote\">\n\t\t\t<span class=\"vstrb-total-label\">Celkov\u00e1 cena v\u010detn\u011b vybran\u00fdch slu\u017eeb:<\/span>\n\t\t\t<span class=\"vstrb-total\"><\/span>\n\t\t\t<span class=\"vstrb-currency\">EUR<\/span>\n\t\t  <\/div>\n\t\t  <div class=\"vstrb-price-breakdown\" aria-live=\"polite\">\n\t\t\t<div class=\"vstrb-price-line\">\n\t\t\t\t<span>Noc\u00ed<\/span>\n\t\t\t\t<span class=\"vstrb-price-nights\">-<\/span>\n\t\t\t<\/div>\n\t\t\t<div class=\"vstrb-price-line\">\n\t\t\t\t<span>Ubytov\u00e1n\u00ed<\/span>\n\t\t\t\t<span class=\"vstrb-price-base\">-<\/span>\n\t\t\t<\/div>\n\t\t\t<div class=\"vstrb-price-line\">\n\t\t\t\t<span>Slu\u017eby<\/span>\n\t\t\t\t<span class=\"vstrb-price-services\">-<\/span>\n\t\t\t<\/div>\n\t\t\t<div class=\"vstrb-price-service-lines\" hidden><\/div>\n\t\t\t<div class=\"vstrb-price-line vstrb-price-discount-row\" hidden>\n\t\t\t\t<span>Sleva<\/span>\n\t\t\t\t<span class=\"vstrb-price-discount\">-<\/span>\n\t\t\t<\/div>\n\t\t\t<div class=\"vstrb-price-line vstrb-price-surcharge-row\" hidden>\n\t\t\t\t<span>P\u0159\u00edplatek<\/span>\n\t\t\t\t<span class=\"vstrb-price-surcharge\">-<\/span>\n\t\t\t<\/div>\n\t\t\t<div class=\"vstrb-price-line vstrb-price-final-line\">\n\t\t\t\t<span>Kone\u010dn\u00e1 cena celkem<\/span>\n\t\t\t\t<span class=\"vstrb-price-final\">-<\/span>\n\t\t\t<\/div>\n\t\t  <\/div>\n\n\t\t  <div class=\"vstrb-row vstrb-row-half\">\n\t\t\t<div class=\"vstrb-field\">\n\t\t\t  <label>Jm\u00e9no *<\/label>\n\t\t\t  <input type=\"text\" class=\"vstrb-name\" required \/>\n\t\t\t<\/div>\n\t\t\t<div class=\"vstrb-field\">\n\t\t\t  <label>P\u0159\u00edjmen\u00ed *<\/label>\n\t\t\t  <input type=\"text\" class=\"vstrb-lastname\" required \/>\n\t\t\t<\/div>\n\t\t  <\/div>\n\t\t  <div class=\"vstrb-row\">\n\t\t\t<label>Pohlav\u00ed<\/label>\n\t\t\t<select class=\"vstrb-gender\">\n\t\t\t\t<option value=\"male\">Mu\u017e<\/option>\n\t\t\t\t<option value=\"female\">\u017dena<\/option>\n\t\t\t\t<option value=\"other\">Ostatn\u00ed<\/option>\n\t\t\t<\/select>\n\t\t  <\/div>\n\t\t  <div class=\"vstrb-row\">\n\t\t\t<label>E-mail *<\/label>\n\t\t\t<input type=\"email\" class=\"vstrb-email\" required \/>\n\t\t  <\/div>\n\t\t  <div class=\"vstrb-row\">\n\t\t\t<label>Telefon *<\/label>\n\t\t\t<div class=\"vstrb-phone-wrapper\" style=\"display: flex; gap: 5px;\">\n\t\t\t  <select class=\"vstrb-phone-prefix\" style=\"flex: 0 0 100px;\">\n\t\t\t\t<option value=\"+420\">+420 (CZ)<\/option>\n\t\t\t\t<option value=\"+421\">+421 (SK)<\/option>\n\t\t\t\t<option value=\"+49\">+49 (DE)<\/option>\n\t\t\t\t<option value=\"+43\">+43 (AT)<\/option>\n\t\t\t\t<option value=\"+48\">+48 (PL)<\/option>\n\t\t\t\t<option value=\"+44\">+44 (UK)<\/option>\n\t\t\t\t<option value=\"+1\">+1 (US\/CA)<\/option>\n\t\t\t\t<option value=\"+33\">+33 (FR)<\/option>\n\t\t\t\t<option value=\"+39\">+39 (IT)<\/option>\n\t\t\t\t<option value=\"+34\">+34 (ES)<\/option>\n\t\t\t\t<option value=\"+31\">+31 (NL)<\/option>\n\t\t\t\t<option value=\"+32\">+32 (BE)<\/option>\n\t\t\t\t<option value=\"+41\">+41 (CH)<\/option>\n\t\t\t  <\/select>\n\t\t\t  <input type=\"text\" class=\"vstrb-phone\" required style=\"flex: 1;\" \/>\n\t\t\t<\/div>\n\t\t  <\/div>\n\n\t\t  <div class=\"vstrb-custom-fields vstrb-row-v\"><\/div>\n\n\t\t  <div class=\"vstrb-row\">\n\t\t\t<label>Pozn\u00e1mka<\/label>\n\t\t\t<textarea class=\"vstrb-note\"><\/textarea>\n\t\t  <\/div>\n\n\t\t  <div class=\"vstrb-row vstrb-hp\" style=\"display:none !important\">\n\t\t\t<label>Leave this empty<\/label>\n\t\t\t<input type=\"text\" class=\"vstrb-honeypot\" tabindex=\"-1\" autocomplete=\"off\" \/>\n\t\t  <\/div>\n\n\t\t  \t\t  <div class=\"vstrb-row vstrb-captcha-row\" data-captcha-token=\"4|1775515230|565304c4352014aeed78025e9355704061a71e4d4e4fb43937c16281f77e028b\">\n\t\t\t<label>Bezpe\u010dnostn\u00ed kontrola: 2 + 2 = ? *<\/label>\n\t\t\t<input type=\"text\" class=\"vstrb-captcha\" placeholder=\"?\" autocomplete=\"off\" required \/>\n\t\t  <\/div>\n\n\t\t  <div class=\"vstrb-row\">\n\t\t\t\t\t\t<button class=\"vstrb-btn vstrb-btn-primary vstrb-submit\">Odeslat rezervaci<\/button>\n\t\t\t<span class=\"vstrb-msg\"><\/span>\n\t\t  <\/div>\n\t\t  <div style=\"text-align: right; font-size: 12px; color: #999999FF; margin-top: 20px; opacity: 0.8;\">\n\t\t\t<a href=\"https:\/\/wordpress.org\/plugins\/vachr-short-term-rental-reservations\/\" target=\"_blank\" rel=\"noopener\" style=\"color: inherit; text-decoration: none;\">Vachr Short-Term Rental Reservations<\/a>\n\t\t  <\/div>\n\t\t<\/div>\n\t\t<div class=\"vstrb-thanks\" style=\"display:none; text-align:center; padding: 40px 20px;\">\n\t\t   <h3 style=\"color: #2c3e50;\">D\u011bkujeme!<\/h3>\n\t\t   <p style=\"font-size: 1.1em; color: #7f8c8d;\">Obdr\u017eeli jsme va\u0161i \u017e\u00e1dost o rezervaci. T\u011b\u0161\u00edme se na va\u0161i n\u00e1v\u0161t\u011bvu a brzy v\u00e1s budeme kontaktovat.<\/p>\n           <div style=\"font-size: 3em; margin-top: 20px;\">&#127968;&#10024;<\/div>\n\t\t<\/div>\n\t\t\n\n\n\n<p>How to get to Bor\u016fvka<\/p>\n\n\n\n<div>\n<iframe style=\"border:none;width:100%;height:450px;\" src=\"https:\/\/mapy.com\/s\/bacamalako\" frameborder=\"0\"><\/iframe>\n<\/div>\n<div>\n<iframe src=\"https:\/\/www.google.com\/maps\/embed?pb=!1m18!1m12!1m3!1d2532.522388087926!2d14.63787527623084!3d50.5988299766694!2m3!1f0!2f0!3f0!3m2!1i1024!2i768!4f13.1!3m3!1m2!1s0x470943dfbe3235e9%3A0xdec9dd382c556a61!2sChatka%20Bor%C5%AFvka!5e0!3m2!1scs!2scz!4v1747524104119!5m2!1scs!2scz\" style=\"border:0;width:100%;height:450px;\" allowfullscreen=\"\" loading=\"lazy\" referrerpolicy=\"no-referrer-when-downgrade\"><\/iframe>\n<\/div>\n","protected":false},"excerpt":{"rendered":"<p>Welcome to our cozy cabin, located in the deep shade of a pine forest near M\u00e1chovo Lake\u2014the perfect place to escape the hustle and bustle of everyday life. Surrounded by the forest and the beauty of the lake, you\u2019ll find the ideal combination of comfort and nature. The cabin offers accommodation with a personal touch, &#8230; <a title=\"Enjoy a Nature Escape by Lake M\u00e1cha in the Czech Republic\" class=\"read-more\" href=\"https:\/\/dovolenamachac.cz\/index.php\/en\/uzijte-si-unik-do-prirody-u-machova-jezera-english\/\" aria-label=\"\u010c\u00edst v\u00edce o Enjoy a Nature Escape by Lake M\u00e1cha in the Czech Republic\">\u010c\u00edst d\u00e1l<\/a><\/p>\n","protected":false},"author":1,"featured_media":0,"parent":0,"menu_order":0,"comment_status":"closed","ping_status":"closed","template":"","meta":{"footnotes":""},"class_list":["post-834","page","type-page","status-publish"],"_links":{"self":[{"href":"https:\/\/dovolenamachac.cz\/index.php\/wp-json\/wp\/v2\/pages\/834","targetHints":{"allow":["GET"]}}],"collection":[{"href":"https:\/\/dovolenamachac.cz\/index.php\/wp-json\/wp\/v2\/pages"}],"about":[{"href":"https:\/\/dovolenamachac.cz\/index.php\/wp-json\/wp\/v2\/types\/page"}],"author":[{"embeddable":true,"href":"https:\/\/dovolenamachac.cz\/index.php\/wp-json\/wp\/v2\/users\/1"}],"replies":[{"embeddable":true,"href":"https:\/\/dovolenamachac.cz\/index.php\/wp-json\/wp\/v2\/comments?post=834"}],"version-history":[{"count":4,"href":"https:\/\/dovolenamachac.cz\/index.php\/wp-json\/wp\/v2\/pages\/834\/revisions"}],"predecessor-version":[{"id":883,"href":"https:\/\/dovolenamachac.cz\/index.php\/wp-json\/wp\/v2\/pages\/834\/revisions\/883"}],"wp:attachment":[{"href":"https:\/\/dovolenamachac.cz\/index.php\/wp-json\/wp\/v2\/media?parent=834"}],"curies":[{"name":"wp","href":"https:\/\/api.w.org\/{rel}","templated":true}]}}